{"id":84571,"date":"2025-09-15T10:59:39","date_gmt":"2025-09-15T08:59:39","guid":{"rendered":"https:\/\/nadjamorales.de\/?page_id=84571"},"modified":"2025-10-01T18:02:49","modified_gmt":"2025-10-01T16:02:49","slug":"kontakt","status":"publish","type":"page","link":"https:\/\/nadjamorales.de\/en\/kontakt\/","title":{"rendered":"Contact"},"content":{"rendered":"\t\t<div data-elementor-type=\"wp-page\" data-elementor-id=\"84571\" class=\"elementor elementor-84571\" data-elementor-post-type=\"page\">\n\t\t\t\t<div class=\"elementor-element elementor-element-0c32969 e-flex e-con-boxed e-con e-parent\" data-id=\"0c32969\" data-element_type=\"container\" data-e-type=\"container\">\n\t\t\t\t\t<div class=\"e-con-inner\">\n\t\t<div class=\"elementor-element elementor-element-0af4827 e-con-full e-flex e-con e-child\" data-id=\"0af4827\" data-element_type=\"container\" data-e-type=\"container\">\n\t\t\t\t<div class=\"elementor-element elementor-element-803cb59 elementor-widget elementor-widget-image\" data-id=\"803cb59\" data-element_type=\"widget\" data-e-type=\"widget\" data-widget_type=\"image.default\">\n\t\t\t\t\t\t\t\t\t\t\t\t\t\t\t<img fetchpriority=\"high\" decoding=\"async\" width=\"683\" height=\"1024\" src=\"https:\/\/nadjamorales.de\/wp-content\/uploads\/2024\/11\/nadja-morales-deutsche-fotografin-in-den-usa-newyork-kalifornien-paare-familien-hochzeiten-3-683x1024.jpg\" class=\"attachment-large size-large wp-image-84366\" alt=\"\" srcset=\"https:\/\/nadjamorales.de\/wp-content\/uploads\/2024\/11\/nadja-morales-deutsche-fotografin-in-den-usa-newyork-kalifornien-paare-familien-hochzeiten-3-683x1024.jpg 683w, https:\/\/nadjamorales.de\/wp-content\/uploads\/2024\/11\/nadja-morales-deutsche-fotografin-in-den-usa-newyork-kalifornien-paare-familien-hochzeiten-3-200x300.jpg 200w, https:\/\/nadjamorales.de\/wp-content\/uploads\/2024\/11\/nadja-morales-deutsche-fotografin-in-den-usa-newyork-kalifornien-paare-familien-hochzeiten-3-350x525.jpg 350w, https:\/\/nadjamorales.de\/wp-content\/uploads\/2024\/11\/nadja-morales-deutsche-fotografin-in-den-usa-newyork-kalifornien-paare-familien-hochzeiten-3.jpg 720w\" sizes=\"(max-width: 683px) 100vw, 683px\" \/>\t\t\t\t\t\t\t\t\t\t\t\t\t\t\t<\/div>\n\t\t\t\t<\/div>\n\t\t<div class=\"elementor-element elementor-element-f6d2252 e-con-full e-flex e-con e-child\" data-id=\"f6d2252\" data-element_type=\"container\" data-e-type=\"container\">\n\t\t\t\t<div class=\"elementor-element elementor-element-a57c3e8 elementor-widget elementor-widget-image\" data-id=\"a57c3e8\" data-element_type=\"widget\" data-e-type=\"widget\" data-widget_type=\"image.default\">\n\t\t\t\t\t\t\t\t\t\t\t\t\t\t\t<img decoding=\"async\" width=\"800\" height=\"622\" src=\"https:\/\/nadjamorales.de\/wp-content\/uploads\/2025\/09\/Note_worktogether_black-1024x796.webp\" class=\"attachment-large size-large wp-image-84606\" alt=\"Handgeschriebener Text in einem grob gezeichneten Oval mit der Aufschrift &quot;let&#039;s work together&quot; auf wei\u00dfem Hintergrund, perfekt f\u00fcr ein Fotoshooting mit Nadja Morales in New York.\" srcset=\"https:\/\/nadjamorales.de\/wp-content\/uploads\/2025\/09\/Note_worktogether_black-1024x796.webp 1024w, https:\/\/nadjamorales.de\/wp-content\/uploads\/2025\/09\/Note_worktogether_black-300x233.webp 300w, https:\/\/nadjamorales.de\/wp-content\/uploads\/2025\/09\/Note_worktogether_black-768x597.webp 768w\" sizes=\"(max-width: 800px) 100vw, 800px\" \/>\t\t\t\t\t\t\t\t\t\t\t\t\t\t\t<\/div>\n\t\t\t\t<div class=\"elementor-element elementor-element-bca7a48 elementor-widget elementor-widget-heading\" data-id=\"bca7a48\" data-element_type=\"widget\" data-e-type=\"widget\" data-widget_type=\"heading.default\">\n\t\t\t\t\t<h1 class=\"elementor-heading-title elementor-size-default\">NYC Fotoshooting buchen<\/h1>\t\t\t\t<\/div>\n\t\t\t\t<div class=\"elementor-element elementor-element-f606117 elementor-widget elementor-widget-heading\" data-id=\"f606117\" data-element_type=\"widget\" data-e-type=\"widget\" data-widget_type=\"heading.default\">\n\t\t\t\t\t<h1 class=\"elementor-heading-title elementor-size-default\">Fotografin in St. Louis, New York und Kalifornien<\/h1>\t\t\t\t<\/div>\n\t\t\t\t<div class=\"elementor-element elementor-element-87e0da8 elementor-widget elementor-widget-text-editor\" data-id=\"87e0da8\" data-element_type=\"widget\" data-e-type=\"widget\" data-widget_type=\"text-editor.default\">\n\t\t\t\t\t\t\t\t\t<p>Ich bin als Fotografin weltweit verf\u00fcgbar \u2013 aktuell vor allem in St. Louis, New York und Kalifornien. Wenn ihr Interesse an einem Shooting habt \u2013 egal ob als <strong>Familie<\/strong>, als <strong>Paar<\/strong>, als <strong>Freundinnen<\/strong> oder alleine als <strong>Portraitshoot <\/strong>\u2013 schreibt mir und gemeinsam finden wir den passenden Rahmen, Termin und Ort f\u00fcr euer Fotoshooting.<\/p><p>Ihr wollt eure Brand pr\u00e4sentieren und ein individuelles <strong>Brand Fotoshooting<\/strong> anfragen? Schreibt mir \u00fcber das untenstehende Formular und ich lasse euch weitere Infos zukommen.<\/p>\t\t\t\t\t\t\t\t<\/div>\n\t\t\t\t<\/div>\n\t\t\t\t\t<\/div>\n\t\t\t\t<\/div>\n\t\t<div class=\"elementor-element elementor-element-e67089e e-flex e-con-boxed e-con e-parent\" data-id=\"e67089e\" data-element_type=\"container\" data-e-type=\"container\">\n\t\t\t\t\t<div class=\"e-con-inner\">\n\t\t<div class=\"elementor-element elementor-element-9d04edf e-con-full e-flex e-con e-child\" data-id=\"9d04edf\" data-element_type=\"container\" data-e-type=\"container\">\n\t\t<a class=\"elementor-element elementor-element-29ce3e6 e-con-full e-flex e-con e-child\" data-id=\"29ce3e6\" data-element_type=\"container\" data-e-type=\"container\" href=\"#fotoshoot\">\n\t\t\t\t<div class=\"elementor-element elementor-element-512d02e elementor-widget elementor-widget-heading\" data-id=\"512d02e\" data-element_type=\"widget\" data-e-type=\"widget\" data-widget_type=\"heading.default\">\n\t\t\t\t\t<p class=\"elementor-heading-title elementor-size-default\">01.<\/p>\t\t\t\t<\/div>\n\t\t\t\t<div class=\"elementor-element elementor-element-b032783 elementor-widget elementor-widget-heading\" data-id=\"b032783\" data-element_type=\"widget\" data-e-type=\"widget\" data-widget_type=\"heading.default\">\n\t\t\t\t\t<p class=\"elementor-heading-title elementor-size-default\">fotoshooting <\/p>\t\t\t\t<\/div>\n\t\t\t\t<\/a>\n\t\t<a class=\"elementor-element elementor-element-68b0eca e-con-full e-flex e-con e-child\" data-id=\"68b0eca\" data-element_type=\"container\" data-e-type=\"container\" href=\"#brands\">\n\t\t\t\t<div class=\"elementor-element elementor-element-b87211a elementor-widget elementor-widget-heading\" data-id=\"b87211a\" data-element_type=\"widget\" data-e-type=\"widget\" data-widget_type=\"heading.default\">\n\t\t\t\t\t<p class=\"elementor-heading-title elementor-size-default\">02.<\/p>\t\t\t\t<\/div>\n\t\t\t\t<div class=\"elementor-element elementor-element-22aaa7d elementor-widget elementor-widget-heading\" data-id=\"22aaa7d\" data-element_type=\"widget\" data-e-type=\"widget\" data-widget_type=\"heading.default\">\n\t\t\t\t\t<p class=\"elementor-heading-title elementor-size-default\">brand photography<\/p>\t\t\t\t<\/div>\n\t\t\t\t<\/a>\n\t\t\t\t<\/div>\n\t\t<div class=\"elementor-element elementor-element-4aeccde e-con-full e-flex e-con e-child\" data-id=\"4aeccde\" data-element_type=\"container\" data-e-type=\"container\">\n\t\t\t\t<div class=\"elementor-element elementor-element-c0e807d elementor-widget elementor-widget-image\" data-id=\"c0e807d\" data-element_type=\"widget\" data-e-type=\"widget\" data-widget_type=\"image.default\">\n\t\t\t\t\t\t\t\t\t\t\t\t\t\t\t<img decoding=\"async\" width=\"685\" height=\"1024\" src=\"https:\/\/nadjamorales.de\/wp-content\/uploads\/2024\/11\/nadja-morales-deutsche-fotografin-in-den-usa-newyork-kalifornien-paare-familien-hochzeiten-685x1024.jpg\" class=\"attachment-large size-large wp-image-84369\" alt=\"\" srcset=\"https:\/\/nadjamorales.de\/wp-content\/uploads\/2024\/11\/nadja-morales-deutsche-fotografin-in-den-usa-newyork-kalifornien-paare-familien-hochzeiten-685x1024.jpg 685w, https:\/\/nadjamorales.de\/wp-content\/uploads\/2024\/11\/nadja-morales-deutsche-fotografin-in-den-usa-newyork-kalifornien-paare-familien-hochzeiten-201x300.jpg 201w, https:\/\/nadjamorales.de\/wp-content\/uploads\/2024\/11\/nadja-morales-deutsche-fotografin-in-den-usa-newyork-kalifornien-paare-familien-hochzeiten-350x524.jpg 350w, https:\/\/nadjamorales.de\/wp-content\/uploads\/2024\/11\/nadja-morales-deutsche-fotografin-in-den-usa-newyork-kalifornien-paare-familien-hochzeiten.jpg 722w\" sizes=\"(max-width: 685px) 100vw, 685px\" \/>\t\t\t\t\t\t\t\t\t\t\t\t\t\t\t<\/div>\n\t\t\t\t<div class=\"elementor-element elementor-element-fbc2c39 elementor-widget elementor-widget-image\" data-id=\"fbc2c39\" data-element_type=\"widget\" data-e-type=\"widget\" data-widget_type=\"image.default\">\n\t\t\t\t\t\t\t\t\t\t\t\t\t\t\t<img loading=\"lazy\" decoding=\"async\" width=\"682\" height=\"1024\" src=\"https:\/\/nadjamorales.de\/wp-content\/uploads\/2025\/09\/nadja-morales-deutsche-Fotografin-USA-newyork-kalifornien-fotoshooting8V9A1282-682x1024.webp\" class=\"attachment-large size-large wp-image-85294\" alt=\"Ein einzelner Vogel schwebt durch den klaren blauen Himmel \u00fcber hohen Palmen, die sich bei Sonnenuntergang gegen den Horizont abheben - ein perfekter Moment f\u00fcr ein Fotoshooting mit Nadja Morales.\" srcset=\"https:\/\/nadjamorales.de\/wp-content\/uploads\/2025\/09\/nadja-morales-deutsche-Fotografin-USA-newyork-kalifornien-fotoshooting8V9A1282-682x1024.webp 682w, https:\/\/nadjamorales.de\/wp-content\/uploads\/2025\/09\/nadja-morales-deutsche-Fotografin-USA-newyork-kalifornien-fotoshooting8V9A1282-200x300.webp 200w, https:\/\/nadjamorales.de\/wp-content\/uploads\/2025\/09\/nadja-morales-deutsche-Fotografin-USA-newyork-kalifornien-fotoshooting8V9A1282-768x1153.webp 768w, https:\/\/nadjamorales.de\/wp-content\/uploads\/2025\/09\/nadja-morales-deutsche-Fotografin-USA-newyork-kalifornien-fotoshooting8V9A1282.webp 1024w\" sizes=\"(max-width: 682px) 100vw, 682px\" \/>\t\t\t\t\t\t\t\t\t\t\t\t\t\t\t<\/div>\n\t\t\t\t<\/div>\n\t\t\t\t\t<\/div>\n\t\t\t\t<\/div>\n\t\t<div class=\"elementor-element elementor-element-58ff56f e-flex e-con-boxed e-con e-parent\" data-id=\"58ff56f\" data-element_type=\"container\" data-e-type=\"container\" id=\"fotoshoot\" data-settings=\"{&quot;background_background&quot;:&quot;classic&quot;}\">\n\t\t\t\t\t<div class=\"e-con-inner\">\n\t\t<div class=\"elementor-element elementor-element-a3fa91e e-con-full e-flex e-con e-child\" data-id=\"a3fa91e\" data-element_type=\"container\" data-e-type=\"container\">\n\t\t\t\t<div class=\"elementor-element elementor-element-fde20fb elementor-widget__width-initial elementor-widget elementor-widget-heading\" data-id=\"fde20fb\" data-element_type=\"widget\" data-e-type=\"widget\" data-widget_type=\"heading.default\">\n\t\t\t\t\t<p class=\"elementor-heading-title elementor-size-default\">01.<\/p>\t\t\t\t<\/div>\n\t\t\t\t<div class=\"elementor-element elementor-element-cb9e94d elementor-widget__width-initial elementor-widget elementor-widget-heading\" data-id=\"cb9e94d\" data-element_type=\"widget\" data-e-type=\"widget\" data-widget_type=\"heading.default\">\n\t\t\t\t\t<h2 class=\"elementor-heading-title elementor-size-default\">anfrage fotoshooting<\/h2>\t\t\t\t<\/div>\n\t\t\t\t<div class=\"elementor-element elementor-element-be24ede elementor-widget__width-initial elementor-button-align-stretch elementor-widget elementor-widget-form\" data-id=\"be24ede\" data-element_type=\"widget\" data-e-type=\"widget\" data-settings=\"{&quot;step_next_label&quot;:&quot;N\\u00e4chster&quot;,&quot;step_previous_label&quot;:&quot;Voriger&quot;,&quot;button_width&quot;:&quot;100&quot;,&quot;step_type&quot;:&quot;number_text&quot;,&quot;step_icon_shape&quot;:&quot;circle&quot;}\" data-widget_type=\"form.default\">\n\t\t\t\t\t\t\t<form class=\"elementor-form\" method=\"post\" name=\"Anfrage Fotoshooting\" aria-label=\"Anfrage Fotoshooting\">\n\t\t\t<input type=\"hidden\" name=\"post_id\" value=\"84571\"\/>\n\t\t\t<input type=\"hidden\" name=\"form_id\" value=\"be24ede\"\/>\n\t\t\t<input type=\"hidden\" name=\"referer_title\" value=\"Kontakt\" \/>\n\n\t\t\t\t\t\t\t<input type=\"hidden\" name=\"queried_id\" value=\"84571\"\/>\n\t\t\t\n\t\t\t<div class=\"elementor-form-fields-wrapper elementor-labels-above\">\n\t\t\t\t\t\t\t\t<div class=\"elementor-field-type-text elementor-field-group elementor-column elementor-field-group-name elementor-col-100\">\n\t\t\t\t\t\t\t\t\t\t\t\t<label for=\"form-field-name\" class=\"elementor-field-label\">\n\t\t\t\t\t\t\t\tWir sind\t\t\t\t\t\t\t<\/label>\n\t\t\t\t\t\t\t\t\t\t\t\t\t\t<input size=\"1\" type=\"text\" name=\"form_fields[name]\" id=\"form-field-name\" class=\"elementor-field elementor-size-md  elementor-field-textual\" placeholder=\"Namen\">\n\t\t\t\t\t\t\t\t\t\t\t<\/div>\n\t\t\t\t\t\t\t\t<div class=\"elementor-field-type-email elementor-field-group elementor-column elementor-field-group-email elementor-col-100 elementor-field-required\">\n\t\t\t\t\t\t\t\t\t\t\t\t<label for=\"form-field-email\" class=\"elementor-field-label\">\n\t\t\t\t\t\t\t\tUnsere E-Mail Adresse\t\t\t\t\t\t\t<\/label>\n\t\t\t\t\t\t\t\t\t\t\t\t\t\t<input size=\"1\" type=\"email\" name=\"form_fields[email]\" id=\"form-field-email\" class=\"elementor-field elementor-size-md  elementor-field-textual\" required=\"required\">\n\t\t\t\t\t\t\t\t\t\t\t<\/div>\n\t\t\t\t\t\t\t\t<div class=\"elementor-field-type-textarea elementor-field-group elementor-column elementor-field-group-message elementor-col-100\">\n\t\t\t\t\t\t\t\t\t\t\t\t<label for=\"form-field-message\" class=\"elementor-field-label\">\n\t\t\t\t\t\t\t\tUnsere Nachricht\t\t\t\t\t\t\t<\/label>\n\t\t\t\t\t\t<textarea class=\"elementor-field-textual elementor-field  elementor-size-md\" name=\"form_fields[message]\" id=\"form-field-message\" rows=\"6\" placeholder=\"Wir interessieren uns f\u00fcr ... \"><\/textarea>\t\t\t\t<\/div>\n\t\t\t\t\t\t\t\t<div class=\"elementor-field-group elementor-column elementor-field-type-submit elementor-col-100 e-form__buttons\">\n\t\t\t\t\t<button class=\"elementor-button elementor-size-sm\" type=\"submit\">\n\t\t\t\t\t\t<span class=\"elementor-button-content-wrapper\">\n\t\t\t\t\t\t\t\t\t\t\t\t\t\t\t\t\t\t\t\t\t\t<span class=\"elementor-button-text\">Senden<\/span>\n\t\t\t\t\t\t\t\t\t\t\t\t\t<\/span>\n\t\t\t\t\t<\/button>\n\t\t\t\t<\/div>\n\t\t\t<\/div>\n\t\t<\/form>\n\t\t\t\t\t\t<\/div>\n\t\t\t\t<div class=\"elementor-element elementor-element-2a46149 elementor-widget elementor-widget-text-editor\" data-id=\"2a46149\" data-element_type=\"widget\" data-e-type=\"widget\" data-widget_type=\"text-editor.default\">\n\t\t\t\t\t\t\t\t\t<p>Hinweis zum Datenschutz: Eure Daten werden ausschlie\u00dflich zur Beantwortung Eurer Anfrage verwendet, dar\u00fcber hinaus werden die Daten nicht genutzt. Es gelten die Bestimmungen der <span style=\"text-decoration: underline;\"><span style=\"color: #ffffff;\"><a style=\"color: #ffffff; text-decoration: underline;\" href=\"https:\/\/nadjamorales.de\/datenschutzerklaerung\/\">Datenschutzerkl\u00e4rung<\/a><\/span><\/span>.<\/p>\t\t\t\t\t\t\t\t<\/div>\n\t\t\t\t<\/div>\n\t\t<div class=\"elementor-element elementor-element-214922a e-con-full e-flex e-con e-child\" data-id=\"214922a\" data-element_type=\"container\" data-e-type=\"container\">\n\t\t\t\t<div class=\"elementor-element elementor-element-660a95c elementor-widget elementor-widget-image\" data-id=\"660a95c\" data-element_type=\"widget\" data-e-type=\"widget\" data-widget_type=\"image.default\">\n\t\t\t\t\t\t\t\t\t\t\t\t\t\t\t<img loading=\"lazy\" decoding=\"async\" width=\"683\" height=\"1024\" src=\"https:\/\/nadjamorales.de\/wp-content\/uploads\/2025\/09\/nadja-morales-deutsche-Fotografin-USA-newyork-kalifornien-paarfotos-coupleshooting-fotoshooting-beachNMP-4142-683x1024.webp\" class=\"attachment-large size-large wp-image-84659\" alt=\"\" srcset=\"https:\/\/nadjamorales.de\/wp-content\/uploads\/2025\/09\/nadja-morales-deutsche-Fotografin-USA-newyork-kalifornien-paarfotos-coupleshooting-fotoshooting-beachNMP-4142-683x1024.webp 683w, https:\/\/nadjamorales.de\/wp-content\/uploads\/2025\/09\/nadja-morales-deutsche-Fotografin-USA-newyork-kalifornien-paarfotos-coupleshooting-fotoshooting-beachNMP-4142-200x300.webp 200w, https:\/\/nadjamorales.de\/wp-content\/uploads\/2025\/09\/nadja-morales-deutsche-Fotografin-USA-newyork-kalifornien-paarfotos-coupleshooting-fotoshooting-beachNMP-4142-768x1152.webp 768w, https:\/\/nadjamorales.de\/wp-content\/uploads\/2025\/09\/nadja-morales-deutsche-Fotografin-USA-newyork-kalifornien-paarfotos-coupleshooting-fotoshooting-beachNMP-4142.webp 1024w\" sizes=\"(max-width: 683px) 100vw, 683px\" \/>\t\t\t\t\t\t\t\t\t\t\t\t\t\t\t<\/div>\n\t\t\t\t<\/div>\n\t\t\t\t\t<\/div>\n\t\t\t\t<\/div>\n\t\t<div class=\"elementor-element elementor-element-8f3f389 e-flex e-con-boxed e-con e-parent\" data-id=\"8f3f389\" data-element_type=\"container\" data-e-type=\"container\" id=\"brands\" data-settings=\"{&quot;background_background&quot;:&quot;classic&quot;}\">\n\t\t\t\t\t<div class=\"e-con-inner\">\n\t\t<div class=\"elementor-element elementor-element-95a078e e-con-full e-flex e-con e-child\" data-id=\"95a078e\" data-element_type=\"container\" data-e-type=\"container\">\n\t\t\t\t<div class=\"elementor-element elementor-element-f358a24 elementor-widget__width-initial elementor-widget elementor-widget-heading\" data-id=\"f358a24\" data-element_type=\"widget\" data-e-type=\"widget\" data-widget_type=\"heading.default\">\n\t\t\t\t\t<p class=\"elementor-heading-title elementor-size-default\">02.<\/p>\t\t\t\t<\/div>\n\t\t\t\t<div class=\"elementor-element elementor-element-5a5e5fe elementor-widget__width-initial elementor-widget elementor-widget-heading\" data-id=\"5a5e5fe\" data-element_type=\"widget\" data-e-type=\"widget\" data-widget_type=\"heading.default\">\n\t\t\t\t\t<h2 class=\"elementor-heading-title elementor-size-default\">anfrage brand photography<\/h2>\t\t\t\t<\/div>\n\t\t\t\t<div class=\"elementor-element elementor-element-7d4f8e0 elementor-widget__width-initial elementor-button-align-stretch elementor-widget elementor-widget-form\" data-id=\"7d4f8e0\" data-element_type=\"widget\" data-e-type=\"widget\" data-settings=\"{&quot;step_next_label&quot;:&quot;N\\u00e4chster&quot;,&quot;step_previous_label&quot;:&quot;Voriger&quot;,&quot;button_width&quot;:&quot;100&quot;,&quot;step_type&quot;:&quot;number_text&quot;,&quot;step_icon_shape&quot;:&quot;circle&quot;}\" data-widget_type=\"form.default\">\n\t\t\t\t\t\t\t<form class=\"elementor-form\" method=\"post\" name=\"Anfrage Brands\" aria-label=\"Anfrage Brands\">\n\t\t\t<input type=\"hidden\" name=\"post_id\" value=\"84571\"\/>\n\t\t\t<input type=\"hidden\" name=\"form_id\" value=\"7d4f8e0\"\/>\n\t\t\t<input type=\"hidden\" name=\"referer_title\" value=\"Kontakt\" \/>\n\n\t\t\t\t\t\t\t<input type=\"hidden\" name=\"queried_id\" value=\"84571\"\/>\n\t\t\t\n\t\t\t<div class=\"elementor-form-fields-wrapper elementor-labels-above\">\n\t\t\t\t\t\t\t\t<div class=\"elementor-field-type-text elementor-field-group elementor-column elementor-field-group-name elementor-col-100\">\n\t\t\t\t\t\t\t\t\t\t\t\t<label for=\"form-field-name\" class=\"elementor-field-label\">\n\t\t\t\t\t\t\t\tAnsprechpartner\t\t\t\t\t\t\t<\/label>\n\t\t\t\t\t\t\t\t\t\t\t\t\t\t<input size=\"1\" type=\"text\" name=\"form_fields[name]\" id=\"form-field-name\" class=\"elementor-field elementor-size-md  elementor-field-textual\">\n\t\t\t\t\t\t\t\t\t\t\t<\/div>\n\t\t\t\t\t\t\t\t<div class=\"elementor-field-type-text elementor-field-group elementor-column elementor-field-group-field_88b33de elementor-col-100\">\n\t\t\t\t\t\t\t\t\t\t\t\t<label for=\"form-field-field_88b33de\" class=\"elementor-field-label\">\n\t\t\t\t\t\t\t\tBrand\t\t\t\t\t\t\t<\/label>\n\t\t\t\t\t\t\t\t\t\t\t\t\t\t<input size=\"1\" type=\"text\" name=\"form_fields[field_88b33de]\" id=\"form-field-field_88b33de\" class=\"elementor-field elementor-size-md  elementor-field-textual\">\n\t\t\t\t\t\t\t\t\t\t\t<\/div>\n\t\t\t\t\t\t\t\t<div class=\"elementor-field-type-text elementor-field-group elementor-column elementor-field-group-field_8ad66a8 elementor-col-100\">\n\t\t\t\t\t\t\t\t\t\t\t\t<label for=\"form-field-field_8ad66a8\" class=\"elementor-field-label\">\n\t\t\t\t\t\t\t\tWebsite\t\t\t\t\t\t\t<\/label>\n\t\t\t\t\t\t\t\t\t\t\t\t\t\t<input size=\"1\" type=\"text\" name=\"form_fields[field_8ad66a8]\" id=\"form-field-field_8ad66a8\" class=\"elementor-field elementor-size-md  elementor-field-textual\">\n\t\t\t\t\t\t\t\t\t\t\t<\/div>\n\t\t\t\t\t\t\t\t<div class=\"elementor-field-type-email elementor-field-group elementor-column elementor-field-group-email elementor-col-100 elementor-field-required\">\n\t\t\t\t\t\t\t\t\t\t\t\t<label for=\"form-field-email\" class=\"elementor-field-label\">\n\t\t\t\t\t\t\t\tE-Mail Adresse\t\t\t\t\t\t\t<\/label>\n\t\t\t\t\t\t\t\t\t\t\t\t\t\t<input size=\"1\" type=\"email\" name=\"form_fields[email]\" id=\"form-field-email\" class=\"elementor-field elementor-size-md  elementor-field-textual\" required=\"required\">\n\t\t\t\t\t\t\t\t\t\t\t<\/div>\n\t\t\t\t\t\t\t\t<div class=\"elementor-field-type-textarea elementor-field-group elementor-column elementor-field-group-message elementor-col-100\">\n\t\t\t\t\t\t\t\t\t\t\t\t<label for=\"form-field-message\" class=\"elementor-field-label\">\n\t\t\t\t\t\t\t\tNachricht\t\t\t\t\t\t\t<\/label>\n\t\t\t\t\t\t<textarea class=\"elementor-field-textual elementor-field  elementor-size-md\" name=\"form_fields[message]\" id=\"form-field-message\" rows=\"6\"><\/textarea>\t\t\t\t<\/div>\n\t\t\t\t\t\t\t\t<div class=\"elementor-field-group elementor-column elementor-field-type-submit elementor-col-100 e-form__buttons\">\n\t\t\t\t\t<button class=\"elementor-button elementor-size-sm\" type=\"submit\">\n\t\t\t\t\t\t<span class=\"elementor-button-content-wrapper\">\n\t\t\t\t\t\t\t\t\t\t\t\t\t\t\t\t\t\t\t\t\t\t<span class=\"elementor-button-text\">Senden<\/span>\n\t\t\t\t\t\t\t\t\t\t\t\t\t<\/span>\n\t\t\t\t\t<\/button>\n\t\t\t\t<\/div>\n\t\t\t<\/div>\n\t\t<\/form>\n\t\t\t\t\t\t<\/div>\n\t\t\t\t<div class=\"elementor-element elementor-element-6e84595 elementor-widget elementor-widget-text-editor\" data-id=\"6e84595\" data-element_type=\"widget\" data-e-type=\"widget\" data-widget_type=\"text-editor.default\">\n\t\t\t\t\t\t\t\t\t<p>Hinweis zum Datenschutz: Eure Daten werden ausschlie\u00dflich zur Beantwortung Eurer Anfrage verwendet, dar\u00fcber hinaus werden die Daten nicht genutzt. Es gelten die Bestimmungen der <span style=\"text-decoration: underline;\"><span style=\"color: #ffffff;\"><a style=\"color: #ffffff; text-decoration: underline;\" href=\"https:\/\/nadjamorales.de\/datenschutzerklaerung\/\">Datenschutzerkl\u00e4rung<\/a><\/span><\/span>.<\/p>\t\t\t\t\t\t\t\t<\/div>\n\t\t\t\t<\/div>\n\t\t<div class=\"elementor-element elementor-element-3fd1105 e-con-full e-flex e-con e-child\" data-id=\"3fd1105\" data-element_type=\"container\" data-e-type=\"container\">\n\t\t\t\t<div class=\"elementor-element elementor-element-504e307 elementor-widget elementor-widget-image\" data-id=\"504e307\" data-element_type=\"widget\" data-e-type=\"widget\" data-widget_type=\"image.default\">\n\t\t\t\t\t\t\t\t\t\t\t\t\t\t\t<img loading=\"lazy\" decoding=\"async\" width=\"683\" height=\"1024\" src=\"https:\/\/nadjamorales.de\/wp-content\/uploads\/2025\/09\/nadja-morales-brands-content-creation-deutsche-Fotografin-USA-newyork-creator-thecaeplaguna8V9A0544-683x1024.webp\" class=\"attachment-large size-large wp-image-84611\" alt=\"Eine Person in einem gestreiften Hemdkleid und wei\u00dfen, bestickten, kniehohen Stiefeln h\u00e4lt ein perlenbesetztes Schl\u00fcsselband, das an einer blauen Handytasche mit einem roten Pop-it-Spielzeug befestigt ist. Die gelbe Wand setzt einen Farbakzent in diesem Fotoshooting von Nadja Morales.\" srcset=\"https:\/\/nadjamorales.de\/wp-content\/uploads\/2025\/09\/nadja-morales-brands-content-creation-deutsche-Fotografin-USA-newyork-creator-thecaeplaguna8V9A0544-683x1024.webp 683w, https:\/\/nadjamorales.de\/wp-content\/uploads\/2025\/09\/nadja-morales-brands-content-creation-deutsche-Fotografin-USA-newyork-creator-thecaeplaguna8V9A0544-200x300.webp 200w, https:\/\/nadjamorales.de\/wp-content\/uploads\/2025\/09\/nadja-morales-brands-content-creation-deutsche-Fotografin-USA-newyork-creator-thecaeplaguna8V9A0544-768x1152.webp 768w, https:\/\/nadjamorales.de\/wp-content\/uploads\/2025\/09\/nadja-morales-brands-content-creation-deutsche-Fotografin-USA-newyork-creator-thecaeplaguna8V9A0544.webp 1024w\" sizes=\"(max-width: 683px) 100vw, 683px\" \/>\t\t\t\t\t\t\t\t\t\t\t\t\t\t\t<\/div>\n\t\t\t\t<\/div>\n\t\t\t\t\t<\/div>\n\t\t\t\t<\/div>\n\t\t<div class=\"elementor-element elementor-element-e4fe713 elementor-hidden-mobile e-flex e-con-boxed e-con e-parent\" data-id=\"e4fe713\" data-element_type=\"container\" data-e-type=\"container\" data-settings=\"{&quot;background_background&quot;:&quot;classic&quot;}\">\n\t\t\t\t\t<div class=\"e-con-inner\">\n\t\t\t\t<div class=\"elementor-element elementor-element-6f3aab8 elementor-widget elementor-widget-heading\" data-id=\"6f3aab8\" data-element_type=\"widget\" data-e-type=\"widget\" data-widget_type=\"heading.default\">\n\t\t\t\t\t<p class=\"elementor-heading-title elementor-size-default\">it's my job as the\nphotographer\nto make sure the\nphotos give justice to\nthe subject.<\/p>\t\t\t\t<\/div>\n\t\t\t\t\t<\/div>\n\t\t\t\t<\/div>\n\t\t\t\t<\/div>\n\t\t","protected":false},"excerpt":{"rendered":"<p>NYC Fotoshooting buchen Fotografin in St. Louis, New York und Kalifornien Ich bin als Fotografin weltweit verf\u00fcgbar \u2013 aktuell vor allem in St. Louis, New York und Kalifornien. Wenn ihr Interesse an einem Shooting habt \u2013 egal ob als Familie, als Paar, als Freundinnen oder alleine als Portraitshoot \u2013 schreibt mir und gemeinsam finden wir [&hellip;]<\/p>\n","protected":false},"author":3,"featured_media":84797,"parent":0,"menu_order":0,"comment_status":"closed","ping_status":"closed","template":"","meta":{"_seopress_robots_primary_cat":"","_seopress_titles_title":"Fotoshooting in New York & Kalifornien buchen | Nadja Morales","_seopress_titles_desc":"Buche jetzt dein Fotoshooting in NYC & Kalifornien mit Fotografin Nadja Morales.","_seopress_robots_index":"","footnotes":""},"class_list":["post-84571","page","type-page","status-publish","has-post-thumbnail","hentry"],"_links":{"self":[{"href":"https:\/\/nadjamorales.de\/en\/wp-json\/wp\/v2\/pages\/84571","targetHints":{"allow":["GET"]}}],"collection":[{"href":"https:\/\/nadjamorales.de\/en\/wp-json\/wp\/v2\/pages"}],"about":[{"href":"https:\/\/nadjamorales.de\/en\/wp-json\/wp\/v2\/types\/page"}],"author":[{"embeddable":true,"href":"https:\/\/nadjamorales.de\/en\/wp-json\/wp\/v2\/users\/3"}],"replies":[{"embeddable":true,"href":"https:\/\/nadjamorales.de\/en\/wp-json\/wp\/v2\/comments?post=84571"}],"version-history":[{"count":10,"href":"https:\/\/nadjamorales.de\/en\/wp-json\/wp\/v2\/pages\/84571\/revisions"}],"predecessor-version":[{"id":86051,"href":"https:\/\/nadjamorales.de\/en\/wp-json\/wp\/v2\/pages\/84571\/revisions\/86051"}],"wp:featuredmedia":[{"embeddable":true,"href":"https:\/\/nadjamorales.de\/en\/wp-json\/wp\/v2\/media\/84797"}],"wp:attachment":[{"href":"https:\/\/nadjamorales.de\/en\/wp-json\/wp\/v2\/media?parent=84571"}],"curies":[{"name":"wp","href":"https:\/\/api.w.org\/{rel}","templated":true}]}}